{"id":6887,"date":"2025-05-21T14:17:46","date_gmt":"2025-05-21T14:17:46","guid":{"rendered":"https:\/\/absolutetantra.com\/?post_type=product&#038;p=6887"},"modified":"2025-05-21T14:29:53","modified_gmt":"2025-05-21T14:29:53","slug":"webinar-resztvevoinek","status":"publish","type":"product","link":"https:\/\/absolutetantra.com\/en\/product\/webinar-resztvevoinek\/","title":{"rendered":"WEBIN\u00c1R R\u00e9sztvev\u0151inek"},"content":{"rendered":"<p><strong><b>Az <\/b><\/strong><strong><b>\u00f6<\/b><\/strong><strong><b>sszes vide<\/b><\/strong><strong><b>\u00f3 <\/b><\/strong><strong><b>egyben.<\/b><\/strong><\/p>","protected":false},"excerpt":{"rendered":"<p>Az \u00f6sszes vide\u00f3 egyben.<\/p>","protected":false},"featured_media":6888,"comment_status":"open","ping_status":"closed","template":"","meta":{"_kad_post_transparent":"default","_kad_post_title":"","_kad_post_layout":"default","_kad_post_sidebar_id":"","_kad_post_content_style":"default","_kad_post_vertical_padding":"default","_kad_post_feature":"","_kad_post_feature_position":"","_kad_post_header":false,"_kad_post_footer":false},"product_brand":[],"product_cat":[15],"product_tag":[],"class_list":{"0":"post-6887","1":"product","2":"type-product","3":"status-publish","4":"has-post-thumbnail","6":"product_cat-egyeb","8":"first","9":"instock","10":"virtual","11":"purchasable","12":"product-type-simple","13":"entry","14":"content-bg","15":"loop-entry"},"_links":{"self":[{"href":"https:\/\/absolutetantra.com\/en\/wp-json\/wp\/v2\/product\/6887","targetHints":{"allow":["GET"]}}],"collection":[{"href":"https:\/\/absolutetantra.com\/en\/wp-json\/wp\/v2\/product"}],"about":[{"href":"https:\/\/absolutetantra.com\/en\/wp-json\/wp\/v2\/types\/product"}],"replies":[{"embeddable":true,"href":"https:\/\/absolutetantra.com\/en\/wp-json\/wp\/v2\/comments?post=6887"}],"wp:featuredmedia":[{"embeddable":true,"href":"https:\/\/absolutetantra.com\/en\/wp-json\/wp\/v2\/media\/6888"}],"wp:attachment":[{"href":"https:\/\/absolutetantra.com\/en\/wp-json\/wp\/v2\/media?parent=6887"}],"wp:term":[{"taxonomy":"product_brand","embeddable":true,"href":"https:\/\/absolutetantra.com\/en\/wp-json\/wp\/v2\/product_brand?post=6887"},{"taxonomy":"product_cat","embeddable":true,"href":"https:\/\/absolutetantra.com\/en\/wp-json\/wp\/v2\/product_cat?post=6887"},{"taxonomy":"product_tag","embeddable":true,"href":"https:\/\/absolutetantra.com\/en\/wp-json\/wp\/v2\/product_tag?post=6887"}],"curies":[{"name":"wp","href":"https:\/\/api.w.org\/{rel}","templated":true}]}}