{"id":6881,"date":"2025-05-21T14:14:23","date_gmt":"2025-05-21T14:14:23","guid":{"rendered":"https:\/\/absolutetantra.com\/?post_type=product&#038;p=6881"},"modified":"2025-05-21T14:14:43","modified_gmt":"2025-05-21T14:14:43","slug":"titkos-tantra-gyakorlatok-a-masszazshoz-video-kurzus","status":"publish","type":"product","link":"https:\/\/absolutetantra.com\/en\/product\/titkos-tantra-gyakorlatok-a-masszazshoz-video-kurzus\/","title":{"rendered":"Secret Tantra Practices for Massage Video Course"},"content":{"rendered":"<p>The \"Secret Tantra Practices for Massage\" video course reveals an exciting and hidden knowledge previously known to only a select few. These exclusive techniques allow you to actively enhance and deepen your massage experience, accelerating your journey toward achieving your personal goals.<\/p>\n<p>In this unique instructional material, you'll learn secret practices that, when performed consciously and with focused attention, enable deeper relaxation, intensified energy flow, and accelerated spiritual and emotional development. Transform your massage sessions into profound inner journeys, experiencing greater harmony, deeper connections, and uncovering your true essence.<\/p>","protected":false},"excerpt":{"rendered":"<p>A \u201eTitkos tantra gyakorlatok a massz\u00e1zshoz\u201d vide\u00f3 tananyag egy izgalmas \u00e9s rejtett tud\u00e1st t\u00e1r fel el\u0151tted, amelyet eddig csak kevesen ismerhettek. Ezek az exkluz\u00edv gyakorlatok lehet\u0151s\u00e9get adnak arra, hogy a massz\u00e1zs befogad\u00e1sa k\u00f6zben saj\u00e1t magad is akt\u00edvan hozz\u00e1j\u00e1rulj az \u00e9lm\u00e9ny elm\u00e9ly\u00edt\u00e9s\u00e9hez, ezzel felgyors\u00edtva az utadat a kit\u0171z\u00f6tt c\u00e9lokhoz. Ebben a k\u00fcl\u00f6nleges tananyagban olyan titkos technik\u00e1kat&#8230;<\/p>","protected":false},"featured_media":6882,"comment_status":"open","ping_status":"closed","template":"","meta":{"_kad_post_transparent":"default","_kad_post_title":"","_kad_post_layout":"default","_kad_post_sidebar_id":"","_kad_post_content_style":"default","_kad_post_vertical_padding":"default","_kad_post_feature":"","_kad_post_feature_position":"","_kad_post_header":false,"_kad_post_footer":false},"product_brand":[],"product_cat":[15],"product_tag":[],"class_list":{"0":"post-6881","1":"product","2":"type-product","3":"status-publish","4":"has-post-thumbnail","6":"product_cat-egyeb","8":"first","9":"instock","10":"virtual","11":"purchasable","12":"product-type-simple","13":"entry","14":"content-bg","15":"loop-entry"},"_links":{"self":[{"href":"https:\/\/absolutetantra.com\/en\/wp-json\/wp\/v2\/product\/6881","targetHints":{"allow":["GET"]}}],"collection":[{"href":"https:\/\/absolutetantra.com\/en\/wp-json\/wp\/v2\/product"}],"about":[{"href":"https:\/\/absolutetantra.com\/en\/wp-json\/wp\/v2\/types\/product"}],"replies":[{"embeddable":true,"href":"https:\/\/absolutetantra.com\/en\/wp-json\/wp\/v2\/comments?post=6881"}],"wp:featuredmedia":[{"embeddable":true,"href":"https:\/\/absolutetantra.com\/en\/wp-json\/wp\/v2\/media\/6882"}],"wp:attachment":[{"href":"https:\/\/absolutetantra.com\/en\/wp-json\/wp\/v2\/media?parent=6881"}],"wp:term":[{"taxonomy":"product_brand","embeddable":true,"href":"https:\/\/absolutetantra.com\/en\/wp-json\/wp\/v2\/product_brand?post=6881"},{"taxonomy":"product_cat","embeddable":true,"href":"https:\/\/absolutetantra.com\/en\/wp-json\/wp\/v2\/product_cat?post=6881"},{"taxonomy":"product_tag","embeddable":true,"href":"https:\/\/absolutetantra.com\/en\/wp-json\/wp\/v2\/product_tag?post=6881"}],"curies":[{"name":"wp","href":"https:\/\/api.w.org\/{rel}","templated":true}]}}