{"id":548,"date":"2025-05-20T09:57:58","date_gmt":"2025-05-20T09:57:58","guid":{"rendered":"https:\/\/absolutetantra.com\/?post_type=product&#038;p=548"},"modified":"2025-10-15T13:23:09","modified_gmt":"2025-10-15T13:23:09","slug":"a-gyonyor-mesterkurzusa-eletre-szolo-videokincstar-exkluziv-aron","status":"publish","type":"product","link":"https:\/\/absolutetantra.com\/en\/product\/a-gyonyor-mesterkurzusa-eletre-szolo-videokincstar-exkluziv-aron\/","title":{"rendered":"A Gy\u00f6ny\u00f6r Mesterkurzusa -\u00c9letre sz\u00f3l\u00f3 vide\u00f3kincst\u00e1r exkluz\u00edv \u00e1ron!"},"content":{"rendered":"<p><strong><b>Eml<\/b><\/strong><strong><b>\u00e9<\/b><\/strong><strong><b>kszel m<\/b><\/strong><strong><b>\u00e9<\/b><\/strong><strong><b>g arra, amikor minden <\/b><\/strong><strong><b>\u00e9<\/b><\/strong><strong><b>rint<\/b><\/strong><strong><b>\u00e9<\/b><\/strong><strong><b>se izgalmat hozott mag<\/b><\/strong><strong><b>\u00e1<\/b><\/strong><strong><b>val?<\/b><\/strong><\/p>\n<p>Lehunyt szemmel id\u00e9zd fel azt az \u00e9rz\u00e9st, amikor el\u0151sz\u00f6r \u00e9rezted a sz\u00edved m\u00e9ly\u00e9n azt a k\u00fcl\u00f6n\u00f6s, le\u00edrhatatlan vonzalmat ir\u00e1nta. Az els\u0151 \u00e9rint\u00e9st, amelyt\u0151l minden porcik\u00e1dban \u00e9rezted az \u00e9let pezsg\u00e9s\u00e9t\u2026 Ugye most is \u00e9rzed? Ez a szenved\u00e9ly m\u00e9g mindig ott van bennetek, csak \u00fajra meg kell tal\u00e1lnotok az utat egym\u00e1shoz.<\/p>\n<p><strong><b>Ezt a m<\/b><\/strong><strong><b>\u00e9<\/b><\/strong><strong><b>lys<\/b><\/strong><strong><b>\u00e9<\/b><\/strong><strong><b>get k<\/b><\/strong><strong><b>\u00ed<\/b><\/strong><strong><b>n<\/b><\/strong><strong><b>\u00e1<\/b><\/strong><strong><b>lom <\/b><\/strong><strong><b>\u00fa<\/b><\/strong><strong><b>jra neked!<\/b><\/strong><\/p>\n<p>Most nem csak egy vide\u00f3 mesterkurzust aj\u00e1nlok \u2013 hanem egy eg\u00e9szen \u00faj, ragyog\u00f3 \u00e9let lehet\u0151s\u00e9g\u00e9t. K\u00e9pzeld el, hogy minden egyes nap tele lesz \u00faj felfedez\u00e9sekkel, val\u00f3di intimit\u00e1ssal \u00e9s \u00f6r\u00f6mmel. Ezek a kurzusok az\u00e9rt sz\u00fclettek, hogy a szerelem eddig rejtett oldal\u00e1t megmutass\u00e1k neked.<\/p>\n<p>A szerelem m\u0171v\u00e9szete nem v\u00e9letlen\u00fcl adatott meg sz\u00e1munkra\u00a0\u2013 a gy\u00f6ny\u00f6r meg\u00e9l\u00e9se az emberi l\u00e9t egyik legnemesebb form\u00e1ja. Ma lehet\u0151s\u00e9get kapsz arra, hogy ezekbe a titkokba ne csak betekint\u00e9st nyerj, hanem \u00e9lj is vele! T\u00e1rd fel a l\u00e9lek \u00e9s test \u00f6sszefon\u00f3d\u00e1s\u00e1nak \u00f6r\u00f6kk\u00e9val\u00f3 titk\u00e1t!\u201d<\/p>","protected":false},"excerpt":{"rendered":"<p><b>A Csomag Bemutat\u00e1sa<\/b><\/p>\n<ul>\n<li aria-level=\"1\"><b>Tantra \u00e9rint\u00e9s n\u0151knek<\/b><span style=\"font-weight: 400;\"> (4 vide\u00f3, t\u00f6bb mint 3 \u00f3ra) \u2013 \u00c9rt\u00e9ke: <\/span><b>120.000 Ft<\/b><\/li>\n<\/ul>\n<ul>\n<li aria-level=\"1\"><b>Tantra \u00e9rint\u00e9s f\u00e9rfiaknak<\/b><span style=\"font-weight: 400;\"> (4 vide\u00f3, t\u00f6bb mint 3 \u00f3ra) \u2013 \u00c9rt\u00e9ke: <\/span><b>120.000 Ft<\/b><\/li>\n<\/ul>\n<ul>\n<li aria-level=\"1\"><b>Gyakorlatok \u00e9s technik\u00e1k a multiorgazmus\u00e9rt<\/b><span style=\"font-weight: 400;\"> (40 perc) \u2013 \u00c9rt\u00e9ke: <\/span><b>30.000 Ft<\/b><\/li>\n<\/ul>\n<ul>\n<li aria-level=\"1\"><b>Yoni Massage<\/b><span style=\"font-weight: 400;\"> (k\u00f6zel 1 \u00f3ra) \u2013 \u00c9rt\u00e9ke: <\/span><b>40.000 Ft<\/b><\/li>\n<\/ul>\n<ul>\n<li aria-level=\"1\"><b>Lingam Massage<\/b><span style=\"font-weight: 400;\"> (k\u00f6zel 1 \u00f3ra) \u2013 \u00c9rt\u00e9ke: <\/span><b>40.000 Ft<\/b><\/li>\n<\/ul>\n<ul>\n<li aria-level=\"1\"><b>Tantrikus szeretkez\u00e9s halad\u00f3knak<\/b><span style=\"font-weight: 400;\"> \u2013 \u00c9rt\u00e9ke: <\/span><b>40.000 Ft<\/b><\/li>\n<\/ul>\n<ul>\n<li aria-level=\"1\"><b>Kama Sutra tan\u00edt\u00e1sok \u00e9s p\u00f3zok<\/b><span style=\"font-weight: 400;\"> \u2013 \u00c9rt\u00e9ke: <\/span><b>40.000 Ft<\/b><\/li>\n<\/ul>\n<ul>\n<li aria-level=\"1\"><b>Tantra gyakorlatok kezd\u0151knek<\/b><span style=\"font-weight: 400;\"> \u2013 \u00c9rt\u00e9ke: <\/span><b>30.000 Ft<\/b><\/li>\n<\/ul>\n<p><b>\u00d6ssz\u00e9rt\u00e9k: 460.000 Ft<\/b><\/p>","protected":false},"featured_media":549,"comment_status":"closed","ping_status":"closed","template":"","meta":{"_kad_post_transparent":"default","_kad_post_title":"","_kad_post_layout":"default","_kad_post_sidebar_id":"","_kad_post_content_style":"default","_kad_post_vertical_padding":"default","_kad_post_feature":"","_kad_post_feature_position":"","_kad_post_header":false,"_kad_post_footer":false},"product_brand":[],"product_cat":[15],"product_tag":[39],"class_list":{"0":"post-548","1":"product","2":"type-product","3":"status-publish","4":"has-post-thumbnail","6":"product_cat-egyeb","7":"product_tag-akcios","9":"first","10":"instock","11":"sale","12":"virtual","13":"purchasable","14":"product-type-simple","15":"entry","16":"content-bg","17":"loop-entry"},"_links":{"self":[{"href":"https:\/\/absolutetantra.com\/en\/wp-json\/wp\/v2\/product\/548","targetHints":{"allow":["GET"]}}],"collection":[{"href":"https:\/\/absolutetantra.com\/en\/wp-json\/wp\/v2\/product"}],"about":[{"href":"https:\/\/absolutetantra.com\/en\/wp-json\/wp\/v2\/types\/product"}],"replies":[{"embeddable":true,"href":"https:\/\/absolutetantra.com\/en\/wp-json\/wp\/v2\/comments?post=548"}],"wp:featuredmedia":[{"embeddable":true,"href":"https:\/\/absolutetantra.com\/en\/wp-json\/wp\/v2\/media\/549"}],"wp:attachment":[{"href":"https:\/\/absolutetantra.com\/en\/wp-json\/wp\/v2\/media?parent=548"}],"wp:term":[{"taxonomy":"product_brand","embeddable":true,"href":"https:\/\/absolutetantra.com\/en\/wp-json\/wp\/v2\/product_brand?post=548"},{"taxonomy":"product_cat","embeddable":true,"href":"https:\/\/absolutetantra.com\/en\/wp-json\/wp\/v2\/product_cat?post=548"},{"taxonomy":"product_tag","embeddable":true,"href":"https:\/\/absolutetantra.com\/en\/wp-json\/wp\/v2\/product_tag?post=548"}],"curies":[{"name":"wp","href":"https:\/\/api.w.org\/{rel}","templated":true}]}}