{"id":7036,"date":"2025-05-26T10:26:58","date_gmt":"2025-05-26T10:26:58","guid":{"rendered":"https:\/\/absolutetantra.com\/?page_id=7036"},"modified":"2025-05-27T08:27:41","modified_gmt":"2025-05-27T08:27:41","slug":"impresszum","status":"publish","type":"page","link":"https:\/\/absolutetantra.com\/en\/impresszum\/","title":{"rendered":"Imprint"},"content":{"rendered":"<h2>Service Provider Information<\/h2>\n<p>Business name: Spirit Service Ltd.<br \/>\nHeadquarters: 1 Hova Villas, Hova House, Hove, BN3 3DH, United Kingdom<br \/>\nMailing address, complaint handling: hello@absolutetantra.com<br \/>\nE-mail: hello@absolutetantra.com<br \/>\nWebsite: https:\/\/absolutetantra.com\/<br \/>\nRegistration Authority: Companies House<br \/>\n<span class=\"inserted_var\">Nyilv\u00e1ntart\u00e1si sz\u00e1m<\/span>: 08593252<br \/>\nUTR sz\u00e1m: 7943000133<br \/>\nRepresentative: Val\u00e9ria Tari<\/p>\n<h2>Hosting Provider<\/h2>\n<p>Business name: T\u00e1rhely.Eu Szolg\u00e1ltat\u00f3 Korl\u00e1tolt Felel\u0151ss\u00e9g\u0171 T\u00e1rsas\u00e1g<br \/>\nHeadquarters: 1144 Budapest, Orm\u00e1ns\u00e1g utca 4. X. em. 241<br \/>\nEmail <b><a class=\"email\" href=\"mailto:support@tarhely.eu\" rel=\"support\/\/tarhely\/eu\">support@tarhely.eu<\/a><\/b><br \/>\nWebsite: https:\/\/tarhely.eu\/kapcsolat<\/p>","protected":false},"excerpt":{"rendered":"<p>A szolg\u00e1ltat\u00f3 adatai C\u00e9gn\u00e9v: Spirit Service Ltd. Sz\u00e9khely: 1 Hova Villas, Hova House, Hove, BN3 3DH, Egyes\u00fclt Kir\u00e1lys\u00e1g Levelez\u00e9si c\u00edm, panaszkezel\u00e9s: hello@absolutetantra.com E-mail: hello@absolutetantra.com Weboldal: https:\/\/absolutetantra.com\/ Nyilv\u00e1ntart\u00e1sba vev\u0151 hat\u00f3s\u00e1g: Companies House Nyilv\u00e1ntart\u00e1si sz\u00e1m: 08593252 UTR sz\u00e1m: 7943000133 K\u00e9pvisel\u0151: Tari Val\u00e9ria T\u00e1rhelyszolg\u00e1ltat\u00f3 N\u00e9v: T\u00e1rhely.Eu Szolg\u00e1ltat\u00f3 Korl\u00e1tolt Felel\u0151ss\u00e9g\u0171 T\u00e1rsas\u00e1g Sz\u00e9khely: 1144 Budapest, Orm\u00e1ns\u00e1g utca 4. X. em&#8230;.<\/p>","protected":false},"author":1,"featured_media":0,"parent":0,"menu_order":0,"comment_status":"closed","ping_status":"closed","template":"","meta":{"_kad_post_transparent":"default","_kad_post_title":"default","_kad_post_layout":"default","_kad_post_sidebar_id":"","_kad_post_content_style":"default","_kad_post_vertical_padding":"default","_kad_post_feature":"","_kad_post_feature_position":"","_kad_post_header":false,"_kad_post_footer":false,"footnotes":""},"class_list":["post-7036","page","type-page","status-publish","hentry"],"_links":{"self":[{"href":"https:\/\/absolutetantra.com\/en\/wp-json\/wp\/v2\/pages\/7036","targetHints":{"allow":["GET"]}}],"collection":[{"href":"https:\/\/absolutetantra.com\/en\/wp-json\/wp\/v2\/pages"}],"about":[{"href":"https:\/\/absolutetantra.com\/en\/wp-json\/wp\/v2\/types\/page"}],"author":[{"embeddable":true,"href":"https:\/\/absolutetantra.com\/en\/wp-json\/wp\/v2\/users\/1"}],"replies":[{"embeddable":true,"href":"https:\/\/absolutetantra.com\/en\/wp-json\/wp\/v2\/comments?post=7036"}],"version-history":[{"count":0,"href":"https:\/\/absolutetantra.com\/en\/wp-json\/wp\/v2\/pages\/7036\/revisions"}],"wp:attachment":[{"href":"https:\/\/absolutetantra.com\/en\/wp-json\/wp\/v2\/media?parent=7036"}],"curies":[{"name":"wp","href":"https:\/\/api.w.org\/{rel}","templated":true}]}}